{"id":5,"date":"2022-06-01T14:59:36","date_gmt":"2022-06-01T12:59:36","guid":{"rendered":"http:\/\/wtproduction.com\/index.php\/mesmerize\/"},"modified":"2022-06-28T14:43:34","modified_gmt":"2022-06-28T12:43:34","slug":"mesmerize","status":"publish","type":"page","link":"https:\/\/wtproduction.com\/","title":{"rendered":"Accueil"},"content":{"rendered":"<div  id=\"services\" style=\"background-color: #ffffff;\" data-label=\"Services\" data-id=\"features-ov-4-mc\" data-export-id=\"features-ov-4-mc\" data-category=\"features\" class=\"features-ov-4-mc content-section content-section-spacing\"><div  class=\"gridContainer\"> <div  data-type=\"row\" class=\"row spaced-cols text-center\"><div  class=\"col-xs-12 col-sm-4 col-padding\"> <i  class=\"fa icon shadow-large-black aligncenter color1 fa-video-camera reverse round large\"><\/i> <div  data-type=\"column\" class=\"\"> <h5  class=\"font-400\">CONTENUS VIDEOS<\/h5> <p  class=\"\">Que ce soit pour YouTube, TikTok Instagram ou encore Facebook, nous r\u00e9alisons pour vous des contenus vid\u00e9os pour vos r\u00e9seaux sociaux.<\/p><\/div> <\/div> <div  class=\"col-xs-12 col-sm-4 col-padding\"> <i  class=\"fa icon shadow-large-black aligncenter color2 fa-camera reverse round large\"><\/i> <div  data-type=\"column\" class=\"\"><h5  class=\"font-400\">SEANCES PHOTO<\/h5> <p  class=\"\">Besoin d\u2019une Cover ou tout simplement d\u2019un book ou d\u2019un portfolio pour pr\u00e9senter votre travail, ou vous pr\u00e9senter, pas de soucis nous mettons en place pour vous des s\u00e9ances photos sur fond vert, avec ou sans d\u00e9cor \u00e0 l\u2019int\u00e9rieur comme \u00e0 l\u2019ext\u00e9rieur.<\/p><\/div> <\/div> <div  class=\"col-xs-12 col-sm-4 col-padding\"> <i  class=\"fa icon shadow-large-black aligncenter color4 fa-play-circle reverse round large\"><\/i> <div  data-type=\"column\" class=\"\"><h5  class=\"font-400\">REALISATON ET MONTAGE<\/h5> <p  class=\"\">Vous d\u00e9sirez un clip vid\u00e9o ou bien uniquement r\u00e9aliser le montage de vos vacances ou de votre prochain clip musical, Notre \u00e9quipe d\u2019experts se tient pr\u00eate pour r\u00e9pondre \u00e0 votre demande, que ce soit technique ou juste besoin d\u2019un conseil, contactez-nous afin que nous puissions \u00e9tudier votre demande.<\/p><\/div> <\/div><\/div> <\/div><\/div><div  id=\"portfolio-1\" data-label=\"Portfolio\" data-id=\"portfolio-5-mc\" data-export-id=\"portfolio-5-mc\" data-bullets-visibility=\"true\" data-category=\"portfolio\" class=\"portfolio-5-mc content-section content-section-spacing section-title-col-white-text bg-color1\"><div  class=\"gridContainer\"> <div  class=\"row text-center\"><div  class=\"section-title-col\" data-type=\"column\"> <h5  class=\"\">OUR WORK<\/h5> <h2  class=\"\">Portfolio<\/h2> <p  class=\"lead\">Lorem ipsum dolor sit amet, consectetur adipisicing elit, sed do eiusmod tempor incididunt ut labore et dolore magna aliqua, ut aliquip ex ea commodo consequat.<\/p><\/div> <\/div> <div  class=\"row space-bottom spaced-cols\" data-type=\"row\"> <div  class=\"col-xs-12 col-sm-4 text-center\"> <div  class=\"card no-padding bordered\"> <div  data-hover-fx=\"portfolio-6\" class=\"contentswap-effect contentswap-overlay\" style=\"float: none; margin: 0; width: 100%;\"> <div  class=\"initial-image\" style=\"float: none; margin: 0;\"> <img decoding=\"async\"  data-size=\"500x333\" src=\"https:\/\/wtproduction.com\/wp-content\/themes\/highlight\/customizer\/sections\/images\/cropped-pf-1.jpg\"><\/div> <div  class=\"overlay bg-color6\" style=\"display: block; transition: opacity 800ms ease 0s; -webkit-transition-timing-function: ease; -moz-transition-timing-function: ease; -o-transition-timing-function: ease; transition-timing-function: ease;\"><\/div> <div  class=\"swap-inner col-xs-12\" style=\"display: block; transition: all 800ms ease 0s; background-color: rgba(0,0,0,0); margin-top: 0;\"> <div  class=\"row full-height-row middle-xs middle-sm\"> <div  class=\"col-xs-12 text-center content-holder\"> <a  class=\"button small color2\" href=\"#\">View case study<\/a><\/div> <\/div><\/div> <\/div> <div  class=\"col-xs-12\"> <div  class=\"space-bottom space-top\" data-type=\"column\"> <h5  class=\"\">Project Name<\/h5> <p  class=\"small italic\">Lorem ipsum dolor sit amet, consectetur adipiscing elit, sed do eiusmod tempor incididunt ut labore<\/p><\/div> <\/div><\/div> <\/div> <div  class=\"col-xs-12 col-sm-4 text-center\"> <div  class=\"card no-padding bordered\"> <div  data-hover-fx=\"portfolio-6\" class=\"contentswap-effect contentswap-overlay\" style=\"float: none; margin: 0; width: 100%;\"> <div  class=\"initial-image\" style=\"float: none; margin: 0;\"> <img decoding=\"async\"  data-size=\"500x333\" src=\"https:\/\/wtproduction.com\/wp-content\/themes\/highlight\/customizer\/sections\/images\/cropped-pf-3.jpg\"><\/div> <div  class=\"overlay bg-color6\" style=\"display: block; transition: opacity 800ms ease 0s; -webkit-transition-timing-function: ease; -moz-transition-timing-function: ease; -o-transition-timing-function: ease; transition-timing-function: ease;\"><\/div> <div  class=\"swap-inner col-xs-12\" style=\"display: block; transition: all 800ms ease 0s; background-color: rgba(0,0,0,0); margin-top: 0;\"> <div  class=\"row full-height-row middle-xs middle-sm\"> <div  class=\"col-xs-12 text-center content-holder\"> <a  class=\"button small color2\" href=\"#\">View case study<\/a><\/div> <\/div><\/div> <\/div> <div  class=\"col-xs-12\"> <div  class=\"space-bottom space-top\" data-type=\"column\"> <h5  class=\"\">Project Name<\/h5> <p  class=\"small italic\">Lorem ipsum dolor sit amet, consectetur adipiscing elit, sed do eiusmod tempor incididunt ut labore<\/p><\/div> <\/div><\/div> <\/div> <div  class=\"col-xs-12 col-sm-4 text-center\"> <div  class=\"card no-padding bordered\"> <div  data-hover-fx=\"portfolio-6\" class=\"contentswap-effect contentswap-overlay\" style=\"float: none; margin: 0; width: 100%;\"> <div  class=\"initial-image\" style=\"float: none; margin: 0;\"> <img decoding=\"async\"  data-size=\"500x333\" src=\"https:\/\/wtproduction.com\/wp-content\/themes\/highlight\/customizer\/sections\/images\/cropped-pf-2.jpg\"><\/div> <div  class=\"overlay bg-color6\" style=\"display: block; transition: opacity 800ms ease 0s; -webkit-transition-timing-function: ease; -moz-transition-timing-function: ease; -o-transition-timing-function: ease; transition-timing-function: ease;\"><\/div> <div  class=\"swap-inner col-xs-12\" style=\"display: block; transition: all 800ms ease 0s; background-color: rgba(0,0,0,0); margin-top: 0;\"> <div  class=\"row full-height-row middle-xs middle-sm\"> <div  class=\"col-xs-12 text-center content-holder\"> <a  class=\"button small color2\" href=\"#\">View case study<\/a><\/div> <\/div><\/div> <\/div> <div  class=\"col-xs-12\"> <div  class=\"space-bottom space-top\" data-type=\"column\"> <h5  class=\"\">Project Name<\/h5> <p  class=\"small italic\">Lorem ipsum dolor sit amet, consectetur adipiscing elit, sed do eiusmod tempor incididunt ut labore<\/p><\/div> <\/div><\/div> <\/div><\/div> <div  class=\"row\"><div  data-type=\"column\" class=\"col-xs-12 text-center\"> <a  class=\"button color2 y-move\" href=\"#\">View Portfolio<\/a><\/div> <\/div><\/div> <\/div><div  id=\"avis-clients\" style=\"background-color: #ffffff;\" data-label=\"Avis Clients\" data-id=\"testimonials-5-mc\" data-export-id=\"testimonials-5-mc\" data-category=\"testimonials\" class=\"testimonials-5-mc content-section content-section-spacing\" data-bullets-visibility=\"true\"><div  class=\"gridContainer\"> <div  class=\"row\"><div  data-type=\"column\" class=\"section-title-col\">  <h2  class=\"\">Client Testimonials<\/h2> <p  class=\"lead\">Don\u2019t take our word for it \u2013 here\u2019s what our clients say:<\/p><\/div> <\/div> <div  class=\"row spaced-cols content-center-sm\" data-type=\"row\"> <div  class=\"col-sm-4\"> <div  class=\"card y-move bordered\" data-type=\"column\"> <i  class=\"fa fa-quote-right icon color1 small quotation-icon\"><\/i> <p  class=\"text-center\">Do you sometimes have the feeling that you\u2019re running into the same obstacles over and over again? Many of my conflicts have the same feel to them, like \u201cHey, I think I\u2019ve been here before,<\/p> <img decoding=\"async\"  src=\"https:\/\/wtproduction.com\/wp-content\/themes\/highlight\/customizer\/sections\/images\/team-1.jpg\" class=\"round icon\"> <h6  class=\"\">John Doe<\/h6> <p  class=\"small italic\">Company name<\/p><\/div> <\/div> <div  class=\"col-sm-4\"> <div  class=\"card y-move bordered\" data-type=\"column\"> <i  class=\"fa fa-quote-right icon color1 small quotation-icon\"><\/i> <p  class=\"text-center\">Do you sometimes have the feeling that you\u2019re running into the same obstacles over and over again? Many of my conflicts have the same feel to them, like \u201cHey, I think I\u2019ve been here before,<\/p> <img decoding=\"async\"  src=\"https:\/\/wtproduction.com\/wp-content\/themes\/highlight\/customizer\/sections\/images\/team-3.jpg\" class=\"round icon\"> <h6  class=\"\">John Doe<\/h6> <p  class=\"small italic\">Company name<\/p><\/div> <\/div> <div  class=\"col-sm-4\"> <div  class=\"card y-move bordered\" data-type=\"column\"> <i  class=\"fa fa-quote-right icon color1 small quotation-icon\"><\/i> <p  class=\"text-center\">Do you sometimes have the feeling that you\u2019re running into the same obstacles over and over again? Many of my conflicts have the same feel to them, like \u201cHey, I think I\u2019ve been here before,<\/p> <img decoding=\"async\"  src=\"https:\/\/wtproduction.com\/wp-content\/themes\/highlight\/customizer\/sections\/images\/team-7.jpg\" class=\"round icon\"> <h6  class=\"\">John Doe<\/h6> <p  class=\"small italic\">Company name<\/p><\/div> <\/div><\/div> <\/div><\/div><div  id=\"equipes\" style=\"background-color: #ffffff;\" data-label=\"Equipes\" data-id=\"team-5-mc\" data-export-id=\"team-5-mc\" data-category=\"team\" class=\"team-5-mc content-section content-section-spacing\" data-bullets-visibility=\"true\"><div  class=\"gridContainer\"> <div  class=\"row text-center\"><div  class=\"section-title-col\" data-type=\"column\">  <h2  class=\"\">Notre \u00e9quipes<\/h2> <p  class=\"lead\">Vous conseiller, vous guider, vous orienter nous sommes l\u00e0 avant tout pour vous, \u00e0 vos c\u00f4t\u00e9s afin de r\u00e9aliser et mettre en place une communication solide, \u00e0 votre image vous permettant ainsi de gagner en visibilit\u00e9.<\/p><\/div> <\/div> <div  class=\"row spaced-cols content-center-sm\" data-type=\"row\"> <div  class=\"col-xs-12 col-sm-6 col-md-3 col-padding\"> <div  class=\"row \"> <div  data-type=\"column\" class=\"col-xs-12 col-sm-12\"> <img decoding=\"async\"  class=\"round face\" src=\"https:\/\/wtproduction.com\/wp-content\/uploads\/2022\/06\/cropped-Photo-Tyss.jpg\" title=\"cropped-Photo-Tyss.jpg\" alt=\"\"> <h4  class=\"font-500\">Tyss<\/h4> <p  class=\"italic\">Co-fondateur de WTProduction, Conseiller, Charg\u00e9 de production, Cadreur, Monteur.<\/p> <p  class=\"\">D\u00e9veloppeur Web de metier, Tyss tient son surnom de son origine franco antillaise, il a grandi avec les traditions guadeloup\u00e9enne que son p\u00e8re lui a transmis, En 2010, il se lance dans la r\u00e9alisation audiovisuel et d\u00e9cide avec son ami d\u2019enfance Wise de fonder leur propre soci\u00e9t\u00e9 appel\u00e9e WT Production et commence ainsi la r\u00e9alisation de clip musicaux et prestations vid\u00e9os.<br >Tyss n\u2019est pas seulement l\u2019un des fondateur de WT Production, il est \u00e9galement le charg\u00e9 de production et met tout son savoir-faire \u00e0 la r\u00e9alisation, son efficacit\u00e9 sur les tournages prend une place essentielle dans la production des \u0153uvres r\u00e9alis\u00e9es.<br >Novateur et motiv\u00e9, il se d\u00e9marque en utilisant diff\u00e9rents types de mat\u00e9riels de captation pour un r\u00e9sultat toujours meilleur.<\/p> <div  class=\"social-icons-group\" data-type=\"group\"> <a  href=\"#\"><i  class=\"gray fa icon fa-facebook-square small\"><\/i><\/a> <a  href=\"#\"><i  class=\"gray fa icon fa-twitter-square small\"><\/i><\/a> <a  href=\"#\"><i  class=\"gray fa icon fa-linkedin-square small\"><\/i><\/a> <a  href=\"#\"><i  class=\"gray fa icon fa-google-plus-square small\"><\/i><\/a><\/div> <\/div><\/div> <\/div> <div  class=\"col-xs-12 col-sm-6 col-md-3 col-padding\"> <div  class=\"row \"> <div  data-type=\"column\" class=\"col-xs-12 col-sm-12\"> <img decoding=\"async\"  class=\"round face\" src=\"https:\/\/wtproduction.com\/wp-content\/uploads\/2022\/06\/cropped-cropped-Photo-Wise.jpg\" title=\"cropped-cropped-Photo-Wise.jpg\" alt=\"\"> <h4  class=\"font-500\">Wise<\/h4> <p  class=\"italic\">Co-fondateur de WTProduction, Conseiller, R\u00e9alisateur, Cadreur, Monteur.<\/p> <p  class=\"\">Passionn\u00e9 des nouvelles technologies, de la musique et de la video c\u2019est tout naturellement qu\u2019il se tourne avec son associ\u00e9 et bin\u00f4me Tyss vers la r\u00e9alisation et le montage video en s\u2019exprimant artistiquement, esth\u00e9tiquement et moralement en cr\u00e9ant WT Production. Sa mission au sein de la soci\u00e9t\u00e9 est la coh\u00e9rence et la coh\u00e9sion des moyens techniques et logistiques \u00e0 l\u2019int\u00e9rieur et autour des projets et \u00e9v\u00e9nements mis en place.<br >Aujourd\u2019hui Wise est un professionnel et un homme accompli avec plusieurs casquettes dans son home dressing : Monteur vid\u00e9o, d\u00e9veloppeur d\u2019application mobile, et formateur.<br >Sa vision et son r\u00f4le transverse permet d\u2019exploiter au maximum les moyens de communication modernes ainsi que les nouvelles technologies contemporaines et futures.&nbsp;<\/p> <div  class=\"social-icons-group\" data-type=\"group\"> <a  href=\"#\"><i  class=\"gray fa icon fa-facebook-square small\"><\/i><\/a> <a  href=\"#\"><i  class=\"gray fa icon fa-twitter-square small\"><\/i><\/a> <a  href=\"#\"><i  class=\"gray fa icon fa-linkedin-square small\"><\/i><\/a> <a  href=\"#\"><i  class=\"gray fa icon fa-google-plus-square small\"><\/i><\/a><\/div> <\/div><\/div> <\/div> <div  class=\"col-xs-12 col-sm-6 col-md-3 col-padding\"> <div  class=\"row \"> <div  data-type=\"column\" class=\"col-xs-12 col-sm-12\"> <img decoding=\"async\"  class=\"round face\" src=\"https:\/\/wtproduction.com\/wp-content\/uploads\/2022\/06\/cropped-Stan.jpg\" title=\"cropped-Stan.jpg\" alt=\"\"> <h4  class=\"font-500\">Stan<\/h4> <p  class=\"italic\">Membre actif de WTProduction, Conseiller, Op\u00e9rateur drone, Directeur artistique.<\/p> <p  class=\"\">Point of Sale hardware, the till at a shop check out, has become very complex over the past ten years.<\/p> <div  class=\"social-icons-group\" data-type=\"group\"> <a  href=\"#\"><i  class=\"gray fa icon fa-facebook-square small\"><\/i><\/a> <a  href=\"#\"><i  class=\"gray fa icon fa-twitter-square small\"><\/i><\/a> <a  href=\"#\"><i  class=\"gray fa icon fa-linkedin-square small\"><\/i><\/a> <a  href=\"#\"><i  class=\"gray fa icon fa-google-plus-square small\"><\/i><\/a><\/div> <\/div><\/div> <\/div> <div  class=\"col-xs-12 col-sm-6 col-md-3 col-padding\"> <div  class=\"row \"> <div  data-type=\"column\" class=\"col-xs-12 col-sm-12\"> <img decoding=\"async\"  class=\"round face\" src=\"https:\/\/wtproduction.com\/wp-content\/uploads\/2022\/06\/cropped-cropped-85CE274C-4D04-4B6D-93BC-3EA9A3A2CD86DC62E0ED-B049-4E98-A33E-019D3B7BCBC2-scaled-1-e1655039926977.jpeg\" title=\"Elliot\" alt=\"\"> <h4  class=\"font-500\">Elliot<\/h4> <p  class=\"italic\">Membre actif de WTProduction, Conseiller, Assistant r\u00e9alisateur, R\u00e9gisseur.<\/p> <p  class=\"\">Reconverti dans le d\u00e9veloppement d\u2019application mobile, j\u2019adore tout ce qui est cr\u00e9atif: le cin\u00e9ma, la musique principalement. <br >Ce sont deux choses qui occupent beaucoup ma vie et qui m\u2019ont pouss\u00e9s \u00e0 rejoindre WTProduction.<\/p> <div  class=\"social-icons-group\" data-type=\"group\"> <a  href=\"#\"><i  class=\"gray fa icon fa-facebook-square small\"><\/i><\/a> <a  href=\"#\"><i  class=\"gray fa icon fa-twitter-square small\"><\/i><\/a> <a  href=\"#\"><i  class=\"gray fa icon fa-linkedin-square small\"><\/i><\/a> <a  href=\"#\"><i  class=\"gray fa icon fa-google-plus-square small\"><\/i><\/a><\/div> <\/div><\/div> <\/div><\/div> <\/div><\/div><div  id=\"contact\" style=\"background-color: #f5fafd;\" data-label=\"Contact\" data-id=\"cta-blue-section-mc\" data-export-id=\"cta-blue-section-mc\" data-category=\"cta\" class=\"cta-blue-section-mc content-section content-section-spacing le_cocktail white-text\"><div  class=\"gridContainer\"> <div  class=\"row middle-xs\"><div  class=\"col-sm-8 space-bottom-xs\" data-type=\"column\"> <h2  class=\"\">N\u2019h\u00e9sitez plus! Contactez nous.<\/h2> <\/div> <div  class=\"col-sm-4 end-sm\" data-type=\"column\"> <a class=\"button color2\" href=\"https:\/\/wtproduction.com\/index.php\/nous-contacter\" target=\"_self\" data-cp-link=\"1\" rel=\"noopener\">Contactez-nous<\/a><\/div> <\/div><\/div> <\/div><div  id=\"partenaires\" style=\"background-color: #ffffff;\" data-label=\"Partenaires\" data-id=\"content-8-mc\" data-export-id=\"content-8-mc\" data-category=\"content\" class=\"content-8-mc content-section content-section-spacing\" data-bullets-visibility=\"true\"><div  class=\"gridContainer\"> <div  class=\"row middle-sm\"><div  class=\"col-sm-6 space-bottom-xs space-top-xs\" data-type=\"column\"> <img decoding=\"async\"  class=\"shadow-large\" src=\"https:\/\/wtproduction.com\/wp-content\/themes\/highlight\/customizer\/sections\/images\/business-3560916_1920.jpg\"><\/div> <div  class=\"col-sm-6\" data-type=\"column\"><h2  class=\"\">App Design &amp; Development<\/h2> <p  class=\"\">Avec nos partenaire Appiwedia et FormCodeur, nous vous aidons \u00e0 r\u00e9aliser vos sites web ou applications mobile.&nbsp;<\/p> <a  class=\"button color1\" href=\"#\">LEARN MORE<\/a><\/div> <\/div><\/div> <\/div>","protected":false},"excerpt":{"rendered":"<p>CONTENUS VIDEOS Que ce soit pour YouTube, TikTok Instagram ou encore Facebook, nous r\u00e9alisons pour vous des contenus vid\u00e9os pour vos r\u00e9seaux sociaux. SEANCES PHOTO Besoin d\u2019une Cover ou tout simplement d\u2019un book ou d\u2019un portfolio pour pr\u00e9senter votre travail, ou vous pr\u00e9senter, pas de soucis nous mettons en place pour vous des s\u00e9ances photos&hellip; <br \/> <a class=\"read-more\" href=\"https:\/\/wtproduction.com\/\">Lire la suite<\/a><\/p>\n","protected":false},"author":1,"featured_media":0,"parent":0,"menu_order":0,"comment_status":"closed","ping_status":"closed","template":"page-templates\/homepage.php","meta":{"footnotes":""},"class_list":["post-5","page","type-page","status-publish","hentry"],"_links":{"self":[{"href":"https:\/\/wtproduction.com\/index.php\/wp-json\/wp\/v2\/pages\/5","targetHints":{"allow":["GET"]}}],"collection":[{"href":"https:\/\/wtproduction.com\/index.php\/wp-json\/wp\/v2\/pages"}],"about":[{"href":"https:\/\/wtproduction.com\/index.php\/wp-json\/wp\/v2\/types\/page"}],"author":[{"embeddable":true,"href":"https:\/\/wtproduction.com\/index.php\/wp-json\/wp\/v2\/users\/1"}],"replies":[{"embeddable":true,"href":"https:\/\/wtproduction.com\/index.php\/wp-json\/wp\/v2\/comments?post=5"}],"version-history":[{"count":13,"href":"https:\/\/wtproduction.com\/index.php\/wp-json\/wp\/v2\/pages\/5\/revisions"}],"predecessor-version":[{"id":91,"href":"https:\/\/wtproduction.com\/index.php\/wp-json\/wp\/v2\/pages\/5\/revisions\/91"}],"wp:attachment":[{"href":"https:\/\/wtproduction.com\/index.php\/wp-json\/wp\/v2\/media?parent=5"}],"curies":[{"name":"wp","href":"https:\/\/api.w.org\/{rel}","templated":true}]}}