{"id":94,"date":"2022-06-28T11:52:19","date_gmt":"2022-06-28T09:52:19","guid":{"rendered":"https:\/\/wtproduction.com\/?page_id=94"},"modified":"2022-07-02T23:09:16","modified_gmt":"2022-07-02T21:09:16","slug":"tarifs","status":"publish","type":"page","link":"https:\/\/wtproduction.com\/index.php\/tarifs\/","title":{"rendered":"Tarifs"},"content":{"rendered":"<div  data-label=\"Tarifs\" data-id=\"pricing--2\" data-export-id=\"pricing-4\" data-category=\"pricing\" data-featured-class=\"pricing-featured\" class=\"pricing-4 content-section content-section-spacing\" id=\"tarifs\" style=\"background-color: rgb(255, 255, 255);\"><div  class=\"gridContainer\"> <div  class=\"row\"><div  class=\"section-title-col\" data-type=\"column\"> <h2  class=\"text-center\">Nos Forfaits<\/h2> <p  class=\"lead\">Du tout inclus au sur mesure, une solution existe pour vos projets.<\/p><\/div> <\/div> <div  data-type=\"row\" class=\"row middle-sm\"> <div  class=\"col-xs-12 col-sm-4 text-center no-gutter-col space-bottom\"> <div  data-default=\"no-class\" data-featured=\"shadow-large\" data-type=\"column\" class=\"card\"> <div  class=\"top-right-triangle color2\"><\/div> <h5  class=\"upper\">basic<\/h5> <i  class=\"fa icon fa-forumbee big color2 round round-background reverse\"><\/i> <h3  class=\"h1\">250\u20ac<\/h3> <p  data-default=\"color1\" data-featured=\"color2\" class=\"small color1\">pour<\/p> <ul  class=\"unstyled checked decoration-color1 text-center black\"><li >Une interview de 3 minutes<\/li><li >Montage<\/li><li >Envoi Wetransfer<\/li><li >Sauvegarde 1 an<\/li><\/ul> <a data-default=\"color1\" data-featured=\"color2\" class=\"button upper color1\" href=\"https:\/\/calendly.com\/wtprodvision\/60min\" target=\"lightbox\" data-cp-link=\"1\" data-icon=\"\" rel=\"noopener\">Je prend RDV<\/a> <\/div><\/div> <div  class=\"col-xs-12 col-sm-4 text-center no-gutter-col space-bottom pricing-featured\"><div  data-default=\"no-class\" data-featured=\"shadow-large\" data-type=\"column\" class=\"card shadow-large\"> <div  class=\"top-right-triangle color2\"><\/div> <h5  class=\"upper\">premium<\/h5> <i  class=\"fa icon fa-plane big color2 round round-background reverse\"><\/i> <h3  class=\"h1\">500\u20ac<\/h3> <p  data-default=\"color1\" data-featured=\"color2\" class=\"small color2\">pour<\/p><ul  class=\"unstyled checked decoration-color1 text-center black\"><li >Contenus r\u00e9seaux sociaux (3 max)<\/li><li >1 Interview de 3 minutes<\/li><li >Transfer sur cl\u00e9s USB<\/li><li >Sauvegarde 1 an<\/li><\/ul>  <a data-default=\"color1\" data-featured=\"color2\" class=\"button upper color2\" href=\"https:\/\/calendly.com\/wtprodvision\/60min\" target=\"lightbox\" data-cp-link=\"1\" data-icon=\"\" rel=\"noopener\">Je prend RDV<\/a> <\/div><\/div>  <div  class=\"col-xs-12 col-sm-4 text-center no-gutter-col space-bottom\"> <div  data-default=\"no-class\" data-featured=\"shadow-large\" data-type=\"column\" class=\"card\"> <div  class=\"top-right-triangle color2\"><\/div> <h5  class=\"upper\">sur mesure<\/h5> <i  class=\"fa icon round-background fa-rocket reverse round big color2\"><\/i> <h3  class=\"h1\">Devis<\/h3> <p  data-default=\"color1\" data-featured=\"color2\" class=\"small color1\">avec minimum<\/p> <ul  class=\"unstyled checked decoration-color1 text-center black\"><li >Forfait Basic<\/li><\/ul> <a data-default=\"color1\" data-featured=\"color2\" class=\"button upper color1\" href=\"https:\/\/wtproduction.com\/index.php\/nous-contacter\" target=\"_self\" data-cp-link=\"1\" data-icon=\"\" rel=\"noopener\">Demande<\/a> <\/div><\/div><\/div><\/div> <\/div><div  data-label=\"Chiffres\" data-id=\"counters--1\" data-export-id=\"counters-2\" data-category=\"counters\" class=\"counters-2 content-section content-section-spacing\" id=\"chiffres\" style=\"background-color: rgb(245, 250, 253);\"><div  class=\"gridContainer\"> <div  class=\"row text-center\"><div  class=\"section-title-col\" data-type=\"column\"> <h2  class=\"\">En bref\u2026<\/h2> <p  class=\"lead\">Voici un bref appercus chiffr\u00e9s du travail que nous accomplisont au fil des ann\u00e9es<\/p><\/div> <\/div> <div  class=\"row\" data-type=\"row\"> <div  class=\"col-xs-12 col-sm-4 text-center space-bottom\"> <a data-cp-link=\"1\" href=\"https:\/\/www.youtube.com\/channel\/UCjb_Kxx36PlsTkn5ajp89Yg\" class=\"\" target=\"_blank\" rel=\"noopener\"><i  class=\"fa icon fa-video-camera color1\"><\/i><\/a> <h3  class=\"font-400\" data-min=\"0\" data-max=\"400\" data-duration=\"2000\" data-prefix=\"\" data-suffix=\"+\" data-countup=\"true\" style=\"display: inline-block;\"><\/h3> <h5  class=\"upper color2\">Vid\u00e9o r\u00e9alis\u00e9es<\/h5><\/div> <div  class=\"col-xs-12 col-sm-4 text-center space-bottom\"><i  class=\"fa icon fa-hourglass-start color1\"><\/i> <h3  class=\"font-400\" data-min=\"10000\" data-max=\"15000\" data-duration=\"2000\" data-prefix=\"\" data-suffix=\"+\" data-countup=\"true\" style=\"display: inline-block;\"><\/h3> <h5  class=\"upper color2\">heures de travail<\/h5><\/div> <div  class=\"col-xs-12 col-sm-4 text-center space-bottom\"><a data-cp-link=\"1\" href=\"https:\/\/www.youtube.com\/channel\/UCjb_Kxx36PlsTkn5ajp89Yg\" class=\"\" target=\"_blank\" rel=\"noopener\"><i  class=\"fa icon fa-youtube-play color1\"><\/i><\/a> <h3  class=\"font-400\" data-min=\"0\" data-max=\"25\" data-duration=\"2000\" data-prefix=\"\" data-suffix=\"+\" data-countup=\"true\" style=\"display: inline-block;\"><\/h3><h5  class=\"upper color2\">Cr\u00e9ation originale<a href=\"https:\/\/www.youtube.com\/channel\/UCjb_Kxx36PlsTkn5ajp89Yg\" target=\"_self\" data-mce-href=\"https:\/\/www.youtube.com\/channel\/UCjb_Kxx36PlsTkn5ajp89Yg\" data-mce-selected=\"inline-boundary\" data-cp-link=\"1\" rel=\"noopener\" class=\"\"><\/a><\/h5> <\/div> <\/div><\/div> <\/div>","protected":false},"excerpt":{"rendered":"<p>Nos Forfaits Du tout inclus au sur mesure, une solution existe pour vos projets. basic 250\u20ac pour Une interview de 3 minutesMontageEnvoi WetransferSauvegarde 1 an Je prend RDV premium 500\u20ac pourContenus r\u00e9seaux sociaux (3 max)1 Interview de 3 minutesTransfer sur cl\u00e9s USBSauvegarde 1 an Je prend RDV sur mesure Devis avec minimum Forfait Basic Demande&hellip; <br \/> <a class=\"read-more\" href=\"https:\/\/wtproduction.com\/index.php\/tarifs\/\">Lire la suite<\/a><\/p>\n","protected":false},"author":1,"featured_media":0,"parent":0,"menu_order":0,"comment_status":"closed","ping_status":"closed","template":"pro\/page-templates\/full-width-page.php","meta":{"footnotes":""},"class_list":["post-94","page","type-page","status-publish","hentry"],"_links":{"self":[{"href":"https:\/\/wtproduction.com\/index.php\/wp-json\/wp\/v2\/pages\/94","targetHints":{"allow":["GET"]}}],"collection":[{"href":"https:\/\/wtproduction.com\/index.php\/wp-json\/wp\/v2\/pages"}],"about":[{"href":"https:\/\/wtproduction.com\/index.php\/wp-json\/wp\/v2\/types\/page"}],"author":[{"embeddable":true,"href":"https:\/\/wtproduction.com\/index.php\/wp-json\/wp\/v2\/users\/1"}],"replies":[{"embeddable":true,"href":"https:\/\/wtproduction.com\/index.php\/wp-json\/wp\/v2\/comments?post=94"}],"version-history":[{"count":17,"href":"https:\/\/wtproduction.com\/index.php\/wp-json\/wp\/v2\/pages\/94\/revisions"}],"predecessor-version":[{"id":136,"href":"https:\/\/wtproduction.com\/index.php\/wp-json\/wp\/v2\/pages\/94\/revisions\/136"}],"wp:attachment":[{"href":"https:\/\/wtproduction.com\/index.php\/wp-json\/wp\/v2\/media?parent=94"}],"curies":[{"name":"wp","href":"https:\/\/api.w.org\/{rel}","templated":true}]}}